{"id":1316,"date":"2017-10-16T04:10:26","date_gmt":"2017-10-16T04:10:26","guid":{"rendered":"http:\/\/ninzio.com\/fundrize\/?page_id=1316"},"modified":"2020-02-04T14:04:24","modified_gmt":"2020-02-04T14:04:24","slug":"instituto","status":"publish","type":"page","link":"https:\/\/www.proec.org.br\/index.php\/instituto\/","title":{"rendered":"SOBRE N\u00d3S"},"content":{"rendered":"<p>[vc_row][vc_column]\r\n\t<div class=\"wprt-spacer clearfix\" data-desktop=\"50\" data-mobi=\"60\" data-smobi=\"60\"><\/div>[vc_row_inner][vc_column_inner width=&#8221;1\/3&#8243;]<div class=\"wprt-icon-box clearfix icon-left w85 grey-outline align-left rounded-100 has-width\"><div class=\"icon-wrap\" style=\"line-height:81px;\">\r\n\t\t\t\t<i class=\"vc-oi vc-oi-pin\"><\/i>\r\n\t\t\t<\/div> <h3 class=\"heading\" style=\"padding-left:103px;font-size:16px;line-height:26px;margin-top:2px;margin-bottom:12px;\">\r\n\t\t<a target=\"_blank\" href=\"http:\/\/your-link.com\">\r\n\t\t\t<span>MISS\u00c3O<\/span>\r\n\t\t<\/a>\r\n\t<\/h3><p class=\"desc\" style=\"padding-left:103px;margin-bottom:4px;\">\r\n\t\t<span>Contribuir para o desenvolvimento socioeducativo da comunidade de Goi\u00e2nia, utilizando pr\u00e1ticas educacionais, esportivas, culturais e de sa\u00fade.<\/span>\r\n\t<\/p><\/div>[\/vc_column_inner][vc_column_inner width=&#8221;1\/3&#8243;]<div class=\"wprt-icon-box clearfix icon-left w85 grey-outline align-left rounded-100 has-width\"><div class=\"icon-wrap\" style=\"line-height:81px;\">\r\n\t\t\t\t<i class=\"vc-oi vc-oi-eye\"><\/i>\r\n\t\t\t<\/div> <h3 class=\"heading\" style=\"padding-left:103px;font-size:16px;line-height:26px;margin-top:2px;margin-bottom:12px;\">\r\n\t\t<a target=\"_blank\" href=\"http:\/\/your-link.com\">\r\n\t\t\t<span>VIS\u00c3O<\/span>\r\n\t\t<\/a>\r\n\t<\/h3><p class=\"desc\" style=\"padding-left:103px;margin-bottom:4px;\">\r\n\t\t<span>Ser reconhecida como uma institui\u00e7\u00e3o capaz de realizar uma transforma\u00e7\u00e3o social, na comunidade de Goi\u00e2nia.<\/span>\r\n\t<\/p><\/div>[\/vc_column_inner][vc_column_inner width=&#8221;1\/3&#8243;]<div class=\"wprt-icon-box clearfix icon-left w85 grey-outline align-left rounded-100 has-width\"><div class=\"icon-wrap\" style=\"line-height:81px;\">\r\n\t\t\t\t<i class=\"vc-oi vc-oi-heart-empty\"><\/i>\r\n\t\t\t<\/div> <h3 class=\"heading\" style=\"padding-left:103px;font-size:16px;line-height:26px;margin-top:2px;margin-bottom:12px;\">\r\n\t\t<a target=\"_blank\" href=\"http:\/\/your-link.com\">\r\n\t\t\t<span>VALORES<\/span>\r\n\t\t<\/a>\r\n\t<\/h3><p class=\"desc\" style=\"padding-left:103px;margin-bottom:4px;\">\r\n\t\t<span>Comprometimento com o desenvolvimento socioeducativo, Disciplina, Respeito, Responsabilidade com as fam\u00edlias da comunidade.<\/span>\r\n\t<\/p><\/div>[\/vc_column_inner][\/vc_row_inner]\r\n\t<div class=\"wprt-spacer clearfix\" data-desktop=\"50\" data-mobi=\"60\" data-smobi=\"60\"><\/div>[\/vc_column][\/vc_row][vc_row full_width=&#8221;stretch_row_content_no_spaces&#8221; css=&#8221;.vc_custom_1508074153215{background-color: #f5f5f5 !important;}&#8221;][vc_column]<div class=\"wprt-content-box clearfix \" data-margin=\"5% 13% 5% 13%\" data-mobimargin=\"5% 7% 5% 7%\">\r\n\t\t<div class=\"inner\" style=\"\">\r\n\t\t\t<div class=\"wprt-headings clearfix \"  style=\"\"><p class=\"sub-heading clearfix\" style=\"font-style:normal;font-size:16px;line-height:32px;margin-bottom:10px;\">\r\n\t\tASSOCIA\u00c7\u00c3O PROJETO ESPORTE CRESCER \u2013 PROEC<br \/>\nORGANIZA\u00c7\u00c3O EDUCATIVA, CULTURAL, ESPORTIVA, QUALIFICA\u00c7\u00c3O PROFISSIONAL E DE ASSIST\u00caNCIA SOCIAL.<\/p>\n<p>IDENTIFICA\u00c7\u00c3O<br \/>\nA ASSOCIA\u00c7\u00c3O PROJETO ESPORTE CRESCER- PROEC, \u00e9 uma associa\u00e7\u00e3o civil de direito privado, com personalidade jur\u00eddica, sem fins lucrativos, com dura\u00e7\u00e3o por tempo indeterminado, com foro e sede localizada na Rua 226,Qd:71,Lt:50,n\u00ba625, Cep: 74.610-130,Setor Universit\u00e1rio \u2013 Goi\u00e2nia \u2013 Goi\u00e1s, tendo como presidente o Sr. Paulo Cesar da Costa, brasileiro, maior, casado, contador; e-mail: ongprojetoesportecrescer@gmail.com.<\/p>\n<p>Tem Por Finalidade<\/p>\n<p>Promover a Cultura, o esporte e a cidadania, assegurar o atendimento as crian\u00e7as e adolescentes carentes, as fam\u00edlias e a comunidade, em regime de apoio socioeducativo em meio aberto, orienta\u00e7\u00e3o apoio s\u00f3cio, familiar. Buscar o pleno desenvolvimento da pessoa e auxiliar no exerc\u00edcio da cidadania. Desenvolver a\u00e7\u00f5es esportivas, educacionais, sociais, assistenciais e culturais, fomentar, desenvolver, criar, implantar, agenciar, elaborar e\/ou executar projetos culturais, esportivos, gr\u00e1ficos, editorial, fotogr\u00e1fico, fonogr\u00e1fico, audiovisual, multim\u00eddia, r\u00e1dio, v\u00eddeo-gr\u00e1fico, difus\u00e3o, pesquisa, organizar torneios, copas e campeonatos esportivos diversos e quaisquer em seu regimento.<\/p>\n<p>2.BREVE HIST\u00d3RICO<\/p>\n<p>O maior desafio social do Brasil e a capacita\u00e7\u00e3o e a inclus\u00e3o dos jovens no mercado de trabalho em busca da plena cidadania. ASSOCIA\u00c7\u00c3O PROJETO ESPORTE CRESCER - PROEC, O objetivo central e a estrutura\u00e7\u00e3o e operacionaliza\u00e7\u00e3o das a\u00e7\u00f5es a serem desenvolvidas pela entidade, especificamente integradas na defesa das demandas da crian\u00e7a, do adolescente, de jovens e da popula\u00e7\u00e3o carente, em potencial risco de vulnerabilidade social.<\/p>\n<p>A ASSOCIA\u00c7\u00c3O PROJETO ESPORTE CRESCER - PROEC, e uma institui\u00e7\u00e3o filantr\u00f3pica, n\u00e3o governamental, de ampla e significativa a\u00e7\u00e3o social, com foco principal na inclus\u00e3o social , promovendo a\u00e7\u00f5es definidas na arquitetura e constru\u00e7\u00e3o da identidade social de crian\u00e7as, adolescentes e jovens das periferias da capital, cidades do interior e de outro Estado. Promovendo a eleva\u00e7\u00e3o da autoestima e o desenvolvimento de potencialidades e habilidades culturais, esportivas e profissionais da popula\u00e7\u00e3o assistida, a organiza\u00e7\u00e3o propugna pelo desenvolvimento integrado da cidadania e civismo, no seio da juventude carente do Estado de Goi\u00e1s.<\/p>\n<p>A miss\u00e3o especificada da entidade, Associa\u00e7\u00e3o projeto esporte crescer \u2013 Proec, e o desenvolvimento da consci\u00eancia dos jovens e adolescentes da Capital Goi\u00e2nia e de outros Estados, para o \u00e1rduo combate contra o flagela das drogas, evitando condutas e pr\u00e1ticas antissociais no seio da juventude. A institui\u00e7\u00e3o foi concebida para organizar e aperfei\u00e7oar as atividades de sues membros, ligados ao Esporte, \u00e1 cultura, o lazer, aos movimentos da juventude, privilegiando a\u00e7\u00f5es socioeducativas, esportivas e culturais junto a popula\u00e7\u00e3o (crian\u00e7as, jovens e adolescentes) em situa\u00e7\u00e3o de risco de vulnerabilidade socioecon\u00f4mica.<\/p>\n<p>A Entidade, por suas obriga\u00e7\u00f5es estatut\u00e1rias, contribui significativamente para a elimina\u00e7\u00e3o dos fatores de exclus\u00e3o social, com a\u00e7\u00f5es afirmativas alicer\u00e7adas nos direitos fundamentais de cidadania, com foco ampliado na juventude e com especial aten\u00e7\u00e3o aos jovens do Estado de Goi\u00e1s.<\/p>\n<p>\u00c9 Importante consignar que o trabalho desenvolvido pela ASSOCIA\u00c7\u00c3O PROJETO ESPORTE CRESCER \u2013 PROEC \u00e9 amplamente reconhecido, notadamente pela popula\u00e7\u00e3o da regi\u00e3o leste da capital, estimada em 300.000 habitantes.<\/p>\n<p>As m\u00faltiplas a\u00e7\u00f5es da ASSOCIA\u00c7\u00c3O PROJETO ESPORTE CRESCER \u2013 PROEC, constituem em alternativas reais para a solu\u00e7\u00e3o dos problemas mais agudos que atingem os a comunidade goiana: a viol\u00eancia urbana, a viol\u00eancia dom\u00e9stica, as drogas, a discrimina\u00e7\u00e3o racial e social, a gravidez na adolesc\u00eancia, as DST\/AIDS, a desigualdade de g\u00eanero, dentre outras.<\/p>\n<p>As propostas para estrutura\u00e7\u00e3o da Entidade constante do plano anual de trabalho da ASSOCIA\u00c7\u00c3O PROJETO ESPORTE CRESCER \u2013 PROEC, detalhadas no escopo do projeto, foram concebidas a partir da amplia\u00e7\u00e3o da consci\u00eancia \u00e9tnico-cultural e cidad\u00e3 e est\u00e3o balizadas pelas diretrizes das pol\u00edticas p\u00fablicas para o setor, tendo como suporte jur\u00eddico a Carta Magna da Republica CF, a Lei Org\u00e2nica da Assist\u00eancia Social - LOA, o Estatuto da Crian\u00e7a e do Adolescente \u2013 ECA, Estatuto da Juventude, Estatuto do Idoso e da Igualdade Racial.<\/p>\n<p>Importante consignar-se que at\u00e9 o presente momento, as atividades realizadas pela entidade s\u00e3o constitu\u00eddas pelo incans\u00e1vel trabalho realizado pelo grupo de volunt\u00e1rios que integram o quadro associativo ASSOCIA\u00c7\u00c3O PROJETO ESPORTE CRESCER \u2013 PROEC empres\u00e1rios e parceiros.<\/p>\n<p>As atividades, educacionais, art\u00edstico-culturais e de assist\u00eancia social constituem-se em leg\u00edtimas ferramentas de inclus\u00e3o social alicer\u00e7ando as diretrizes b\u00e1sicas para alcance e realiza\u00e7\u00e3o das metas program\u00e1ticas da ASSOCIA\u00c7\u00c3O PROJETO ESPORTE CRESCER \u2013 PROEC.<\/p>\n<p>Ressaltamos que as a\u00e7\u00f5es proativas em conson\u00e2ncia com as regras constitucionais e em plena sintonia com todos os setores organizados da sociedade, constituem a f\u00f3rmula de melhor efic\u00e1cia para a preven\u00e7\u00e3o e prote\u00e7\u00e3o da juventude contra o malef\u00edcio do uso de drogas, desvios sociais e criminalidade.<\/p>\n<p>Neste sentido, torna-se imperioso e imprescind\u00edvel o apoio do poder p\u00fablico atrav\u00e9s de seus agentes operacionais determinados, bem como o envolvimento de todo o setor produtivo atrav\u00e9s de parcerias funcionais, permitindo-se a viabiliza\u00e7\u00e3o das metas program\u00e1ticas com a consecu\u00e7\u00e3o das importantes a\u00e7\u00f5es sociais a serem realizadas pela entidade, em beneficio de toda a coletividade, minimizando significativamente a criminalidade no seio da juventude.<\/p>\n<p>Em verdade, a Entidade se afigura como um instituto de m\u00faltiplas e inovadoras pr\u00e1ticas pedag\u00f3gicas no campo do desenvolvimento esportivo, cultural, Educativo, de qualifica\u00e7\u00e3o profissional e de assist\u00eancia social.<\/p>\n<p>3 - OBJETIVOS INSTITUCIONAIS: GERAL E ESPECIFICO:<\/p>\n<p>O presente estatuto cont\u00e9m as metas program\u00e1ticas da Organiza\u00e7\u00e3o ASSOCIA\u00c7\u00c3O PROJETO ESPORTE CRESCER \u2013 PROEC, al\u00e9m das diretrizes e planilhas or\u00e7ament\u00e1rias espelhando a urg\u00eancia de recursos humanos, materiais e financeiros para a realiza\u00e7\u00e3o de sua elevada miss\u00e3o.<\/p>\n<p>ASSOCIA\u00c7\u00c3O PROJETO ESPORTE CRESCER \u2013 PROEC prop\u00f5e a aloca\u00e7\u00e3o dos recursos necess\u00e1rios \u00e0 autonomia e sustentabilidade da estrutura organizacional e administrativa da Entidade, composta por departamentos espec\u00edficos e oficinas socioeducativas.<\/p>\n<p>A proposta \u00e9 consent\u00e2nea com as leg\u00edtimas e urgentes demandas sociais de nosso Estado e contemplar\u00e1 uma propositura ousada e inovadora, com a\u00e7\u00f5es sistematizadas como leg\u00edtimas ferramentas proativas de combate ao uso de entorpecentes e pr\u00e1ticas crimin\u00f3genas no seio da juventude.<\/p>\n<p>De tal arte, a viabiliza\u00e7\u00e3o do presente possibilitar\u00e1 o atendimento crian\u00e7as e adolescentes diretamente nos aspectos bio-psicol\u00f3gico, socioecon\u00f4mico, educacional, cultural, esportivo preparando a popula\u00e7\u00e3o assistida para um conv\u00edvio harmonioso, contribuindo decisivamente para a edifica\u00e7\u00e3o de um pacto social de prosperidade e largo alcance comunit\u00e1rio, como paradigma a ser seguido em todo o Estado de Goi\u00e1s, expandindo fronteiras por todo o Pa\u00eds.<\/p>\n<p>A implanta\u00e7\u00e3o de Oficinas Culturais, Esportivas, Refor\u00e7o Escolar, Biblioteca\/Sala de Leitura e Inclus\u00e3o Digital diretamente.<\/p>\n<p>Conforme explicitado, as a\u00e7\u00f5es e os atendimentos propugnados pela Entidade s\u00e3o extensivos \u00e0s fam\u00edlias dos assistidos, promovendo-se, desta forma, uma a\u00e7\u00e3o conjunta de orquestra\u00e7\u00e3o do arcabou\u00e7o social do Estado de Goi\u00e1s, com benef\u00edcios imediatos para toda a popula\u00e7\u00e3o.<\/p>\n<p>4 - OBJETIVOS ESPEC\u00cdFICOS:<\/p>\n<p>Desenvolver e treinar as habilidades espec\u00edficas das crian\u00e7as, adolescentes e jovens preparando-os para uma vida independente, harm\u00f4nica e fraterna na sociedade. Favorecer a independ\u00eancia em seus aspectos emocionais, educacionais, profissionais e sociais atrav\u00e9s de atividades socioeducativas, estabelecendo condi\u00e7\u00f5es para o pleno exerc\u00edcio da cidadania.<\/p>\n<p>Proporcionar a capacita\u00e7\u00e3o e aprimoramento na educa\u00e7\u00e3o e gera\u00e7\u00e3o de renda familiar das comunidades carentes assistidas pela Entidade. Fortalecer o conv\u00edvio na comunidade atrav\u00e9s das atividades socioculturais e art\u00edsticas, prevenindo e diminuindo os efeitos da exclus\u00e3o social.<\/p>\n<p>Proporcionar bem-estar f\u00edsico, mental e social, atrav\u00e9s de atividades socioeducativas e esportivas, capacitando as crian\u00e7as e adolescentes para influenciar e colaborar com a comunidade local para a cultura da paz.<\/p>\n<p>5 - P\u00daBLICO ALVO:<\/p>\n<p>A Entidade atua preferencialmente com crian\u00e7as, adolescentes e jovens em situa\u00e7\u00e3o de risco socioecon\u00f4mico, estudantes da rede p\u00fablica de ensino, popula\u00e7\u00e3o afrodescendente e comunidades tradicionais, com foco na faixa et\u00e1ria entre 07 a 29 anos que sejam residentes e domiciliados no Estado de Goi\u00e1s.\r\n\t<\/p><\/div><div class=\"button-wrap icon-left separate has-icon\" style=\"\"><a href=\"https:\/\/www.proec.org.br\/index.php\/contato\/\" target=\"_blank\" class=\"wprt-button  solid accent\" style=\"\">\r\n\t\t<span style=\"\">FALE CONOSCO <span class=\"icon\" style=\"font-size:18px;\"><i class=\"fa fa-phone\"><\/i><\/span><\/span>\r\n\t<\/a><\/div>\n\r\n\t\t<\/div>\r\n\t<\/div>[\/vc_column][\/vc_row]<\/p>\n","protected":false},"excerpt":{"rendered":"<p>[vc_row][vc_column][vc_row_inner][vc_column_inner width=&#8221;1\/3&#8243;][\/vc_column_inner][vc_column_inner width=&#8221;1\/3&#8243;][\/vc_column_inner][vc_column_inner width=&#8221;1\/3&#8243;][\/vc_column_inner][\/vc_row_inner][\/vc_column][\/vc_row][vc_row full_width=&#8221;stretch_row_content_no_spaces&#8221; css=&#8221;.vc_custom_1508074153215{background-color: #f5f5f5 !important;}&#8221;][vc_column][\/vc_column][\/vc_row]<\/p>\n","protected":false},"author":1,"featured_media":0,"parent":0,"menu_order":0,"comment_status":"closed","ping_status":"closed","template":"","meta":{"footnotes":""},"class_list":["post-1316","page","type-page","status-publish","hentry"],"yoast_head":"<!-- This site is optimized with the Yoast SEO plugin v17.2.1 - https:\/\/yoast.com\/wordpress\/plugins\/seo\/ -->\n<title>SOBRE N\u00d3S - ONG PROEC<\/title>\n<meta name=\"robots\" content=\"index, follow, max-snippet:-1, max-image-preview:large, max-video-preview:-1\" \/>\n<link rel=\"canonical\" href=\"https:\/\/www.proec.org.br\/index.php\/instituto\/\" \/>\n<meta property=\"og:locale\" content=\"pt_BR\" \/>\n<meta property=\"og:type\" content=\"article\" \/>\n<meta property=\"og:title\" content=\"SOBRE N\u00d3S - ONG PROEC\" \/>\n<meta property=\"og:description\" content=\"[vc_row][vc_column][vc_row_inner][vc_column_inner width=&#8221;1\/3&#8243;][\/vc_column_inner][vc_column_inner width=&#8221;1\/3&#8243;][\/vc_column_inner][vc_column_inner width=&#8221;1\/3&#8243;][\/vc_column_inner][\/vc_row_inner][\/vc_column][\/vc_row][vc_row full_width=&#8221;stretch_row_content_no_spaces&#8221; css=&#8221;.vc_custom_1508074153215{background-color: #f5f5f5 !important;}&#8221;][vc_column][\/vc_column][\/vc_row]\" \/>\n<meta property=\"og:url\" content=\"https:\/\/www.proec.org.br\/index.php\/instituto\/\" \/>\n<meta property=\"og:site_name\" content=\"ONG PROEC\" \/>\n<meta property=\"article:publisher\" content=\"https:\/\/pt-br.facebook.com\/observario\/\" \/>\n<meta property=\"article:modified_time\" content=\"2020-02-04T14:04:24+00:00\" \/>\n<meta name=\"twitter:card\" content=\"summary_large_image\" \/>\n<meta name=\"twitter:label1\" content=\"Est. tempo de leitura\" \/>\n\t<meta name=\"twitter:data1\" content=\"9 minutos\" \/>\n<script type=\"application\/ld+json\" class=\"yoast-schema-graph\">{\"@context\":\"https:\/\/schema.org\",\"@graph\":[{\"@type\":\"WebSite\",\"@id\":\"https:\/\/www.proec.org.br\/#website\",\"url\":\"https:\/\/www.proec.org.br\/\",\"name\":\"Observa Rio\",\"description\":\"Projeto Esporte Crescer, levando esporte a crian\\u00e7as carentes\",\"potentialAction\":[{\"@type\":\"SearchAction\",\"target\":{\"@type\":\"EntryPoint\",\"urlTemplate\":\"https:\/\/www.proec.org.br\/?s={search_term_string}\"},\"query-input\":\"required name=search_term_string\"}],\"inLanguage\":\"pt-BR\"},{\"@type\":\"WebPage\",\"@id\":\"https:\/\/www.proec.org.br\/index.php\/instituto\/#webpage\",\"url\":\"https:\/\/www.proec.org.br\/index.php\/instituto\/\",\"name\":\"SOBRE N\\u00d3S - ONG PROEC\",\"isPartOf\":{\"@id\":\"https:\/\/www.proec.org.br\/#website\"},\"datePublished\":\"2017-10-16T04:10:26+00:00\",\"dateModified\":\"2020-02-04T14:04:24+00:00\",\"breadcrumb\":{\"@id\":\"https:\/\/www.proec.org.br\/index.php\/instituto\/#breadcrumb\"},\"inLanguage\":\"pt-BR\",\"potentialAction\":[{\"@type\":\"ReadAction\",\"target\":[\"https:\/\/www.proec.org.br\/index.php\/instituto\/\"]}]},{\"@type\":\"BreadcrumbList\",\"@id\":\"https:\/\/www.proec.org.br\/index.php\/instituto\/#breadcrumb\",\"itemListElement\":[{\"@type\":\"ListItem\",\"position\":1,\"name\":\"In\\u00edcio\",\"item\":\"https:\/\/www.proec.org.br\/\"},{\"@type\":\"ListItem\",\"position\":2,\"name\":\"SOBRE N\\u00d3S\"}]}]}<\/script>\n<!-- \/ Yoast SEO plugin. -->","yoast_head_json":{"title":"SOBRE N\u00d3S - ONG PROEC","robots":{"index":"index","follow":"follow","max-snippet":"max-snippet:-1","max-image-preview":"max-image-preview:large","max-video-preview":"max-video-preview:-1"},"canonical":"https:\/\/www.proec.org.br\/index.php\/instituto\/","og_locale":"pt_BR","og_type":"article","og_title":"SOBRE N\u00d3S - ONG PROEC","og_description":"[vc_row][vc_column][vc_row_inner][vc_column_inner width=&#8221;1\/3&#8243;][\/vc_column_inner][vc_column_inner width=&#8221;1\/3&#8243;][\/vc_column_inner][vc_column_inner width=&#8221;1\/3&#8243;][\/vc_column_inner][\/vc_row_inner][\/vc_column][\/vc_row][vc_row full_width=&#8221;stretch_row_content_no_spaces&#8221; css=&#8221;.vc_custom_1508074153215{background-color: #f5f5f5 !important;}&#8221;][vc_column][\/vc_column][\/vc_row]","og_url":"https:\/\/www.proec.org.br\/index.php\/instituto\/","og_site_name":"ONG PROEC","article_publisher":"https:\/\/pt-br.facebook.com\/observario\/","article_modified_time":"2020-02-04T14:04:24+00:00","twitter_card":"summary_large_image","twitter_misc":{"Est. tempo de leitura":"9 minutos"},"schema":{"@context":"https:\/\/schema.org","@graph":[{"@type":"WebSite","@id":"https:\/\/www.proec.org.br\/#website","url":"https:\/\/www.proec.org.br\/","name":"Observa Rio","description":"Projeto Esporte Crescer, levando esporte a crian\u00e7as carentes","potentialAction":[{"@type":"SearchAction","target":{"@type":"EntryPoint","urlTemplate":"https:\/\/www.proec.org.br\/?s={search_term_string}"},"query-input":"required name=search_term_string"}],"inLanguage":"pt-BR"},{"@type":"WebPage","@id":"https:\/\/www.proec.org.br\/index.php\/instituto\/#webpage","url":"https:\/\/www.proec.org.br\/index.php\/instituto\/","name":"SOBRE N\u00d3S - ONG PROEC","isPartOf":{"@id":"https:\/\/www.proec.org.br\/#website"},"datePublished":"2017-10-16T04:10:26+00:00","dateModified":"2020-02-04T14:04:24+00:00","breadcrumb":{"@id":"https:\/\/www.proec.org.br\/index.php\/instituto\/#breadcrumb"},"inLanguage":"pt-BR","potentialAction":[{"@type":"ReadAction","target":["https:\/\/www.proec.org.br\/index.php\/instituto\/"]}]},{"@type":"BreadcrumbList","@id":"https:\/\/www.proec.org.br\/index.php\/instituto\/#breadcrumb","itemListElement":[{"@type":"ListItem","position":1,"name":"In\u00edcio","item":"https:\/\/www.proec.org.br\/"},{"@type":"ListItem","position":2,"name":"SOBRE N\u00d3S"}]}]}},"_links":{"self":[{"href":"https:\/\/www.proec.org.br\/index.php\/wp-json\/wp\/v2\/pages\/1316","targetHints":{"allow":["GET"]}}],"collection":[{"href":"https:\/\/www.proec.org.br\/index.php\/wp-json\/wp\/v2\/pages"}],"about":[{"href":"https:\/\/www.proec.org.br\/index.php\/wp-json\/wp\/v2\/types\/page"}],"author":[{"embeddable":true,"href":"https:\/\/www.proec.org.br\/index.php\/wp-json\/wp\/v2\/users\/1"}],"replies":[{"embeddable":true,"href":"https:\/\/www.proec.org.br\/index.php\/wp-json\/wp\/v2\/comments?post=1316"}],"version-history":[{"count":25,"href":"https:\/\/www.proec.org.br\/index.php\/wp-json\/wp\/v2\/pages\/1316\/revisions"}],"predecessor-version":[{"id":2569,"href":"https:\/\/www.proec.org.br\/index.php\/wp-json\/wp\/v2\/pages\/1316\/revisions\/2569"}],"wp:attachment":[{"href":"https:\/\/www.proec.org.br\/index.php\/wp-json\/wp\/v2\/media?parent=1316"}],"curies":[{"name":"wp","href":"https:\/\/api.w.org\/{rel}","templated":true}]}}