{"id":1922,"date":"2018-03-26T11:56:35","date_gmt":"2018-03-26T11:56:35","guid":{"rendered":"http:\/\/observario.com.br\/?page_id=1922"},"modified":"2020-02-04T14:05:41","modified_gmt":"2020-02-04T14:05:41","slug":"projeto-observa-gol","status":"publish","type":"page","link":"https:\/\/www.proec.org.br\/index.php\/projeto-observa-gol\/","title":{"rendered":"PROJETO"},"content":{"rendered":"<h1><i>Este \u00e9 o prot\u00f3tipo do projeto que estamos pleiteando<\/i><\/h1>\n<h1><big>Centro Poliesportivo &#8211; PROEC<\/big><\/h1>\n<p><i>\u00a0O Centro Esportivo &#8211; Proec, que vai ser constru\u00eddo em Goi\u00e2nia- GO, \u00e9 uma entidade sem fins lucrativos, que h\u00e1 mais de 20 anos vem exercendo sua contribui\u00e7\u00e3o social no estado de Goi\u00e1s, atuando no meio esportivo, principalmente no futebol.<\/i><\/p>\n<p><i><\/i><br \/>\n<img decoding=\"async\" src=\"https:\/\/proec.org.br\/uploads\/Capturar.PNG\" alt=\"\" \/><\/p>\n<ol>\n<li>Via de Assesso &#8211; Proec<\/li>\n<li>Campo de futebol<\/li>\n<li>Salas de Esportes<\/li>\n<li>Pista de caminhada<\/li>\n<li>Pista de Atletismo<\/li>\n<li>Academia<\/li>\n<li>Estacionamento<\/li>\n<li>Area verde<\/li>\n<li>Cantina<\/li>\n<li>Ginasio de Esporte<\/li>\n<li>Ciclovia<\/li>\n<li>Administra\u00e7\u00e3o<\/li>\n<li>Pista de Skate<\/li>\n<li>Campo de Futbol Society<\/li>\n<li>Quadra de T\u00eanis<\/li>\n<li>Campo de Areia<\/li>\n<li>Quadra de Basquetebol<\/li>\n<li>Picina<\/li>\n<\/ol>\n<p>O Centro Esportivo &#8211; Proec, que vai ser constru\u00eddo em Goi\u00e2nia- GO, \u00e9 uma entidade sem fins lucrativos, que h\u00e1 mais de 20 anos vem exercendo sua contribui\u00e7\u00e3o social no estado de Goi\u00e1s, atuando no meio esportivo, principalmente no futebol, com sede provis\u00f3ria na Rua 226, Qd: 71, Lt:50, n\u00ba 625, Setor Leste Universit\u00e1rio, Goi\u00e2nia-Goi\u00e1s, Cep: 74.610-130.<\/p>\n<p>O Projeto Esporte Crescer \u2013 PROEC, surge juridicamente, gra\u00e7as a v\u00e1rios amigos desportista que se reuniram-se para fazer o registro da entidade na data de 02\/01\/2015, com cadastro nacional de pessoas jur\u00eddicas, Goi\u00e2nia-Goi\u00e1s,<br \/>\nPrecisamos de apoio do Governo Estadual, Municipal Federal, empres\u00e1rios, desportista, pessoas f\u00edsicas, jur\u00eddicas e comunidade em geral, para que possa nos ajudar a adquiri o terreno e posteriormente a constru\u00e7\u00e3o da Proec.<\/p>\n<p>O objetivo e a proposta central da Entidade ASSOCIA\u00c7\u00c3O PROJETO ESPORTE CRESCER \u2013 PROEC, \u00e9 a estrutura\u00e7\u00e3o e operacionaliza\u00e7\u00e3o das a\u00e7\u00f5es a serem desenvolvidas pela entidade, no per\u00edodo de 12 meses (anual). Organizar e aperfei\u00e7oar as atividades ligadas \u00e1 Cultura, o lazer, aos movimentos da juventude, privilegiando a\u00e7\u00f5es socioeducativas, esportivas e culturais junto \u00e0 popula\u00e7\u00e3o jovem em situa\u00e7\u00e3o de risco e socioecon\u00f4mica.<\/p>\n<p>Na defesa das demandas da crian\u00e7a, do adolescente, de jovens e da popula\u00e7\u00e3o carente, em potencial risco de vulnerabilidade social, inclus\u00e3o social, promovendo a\u00e7\u00f5es definidas na arquitetura e constru\u00e7\u00e3o da identidade social de crian\u00e7as, adolescentes e jovens das periferias da capital e de cidades do interior do Estado de Goi\u00e1s- GO com oportunidades de lazer, cultura e educa\u00e7\u00e3o.<br \/>\nA miss\u00e3o espec\u00edfica de a entidade ASSOCIA\u00c7\u00c3O PROJETO ESPORTE CRESCER \u2013 PROEC, \u00e9 o desenvolvimento da consci\u00eancia dos jovens e adolescentes, para o \u00e1rduo combate contra o flagelo das drogas, evitando condutas e pr\u00e1ticas antissociais no seio da juventude fazendo tudo isso atrav\u00e9s do: Esporte, cursos, palestras, alimenta\u00e7\u00e3o, campeonato \/ torneios, atendimento psicol\u00f3gico e conhecimento b\u00edblico.<br \/>\nO projeto da constru\u00e7\u00e3o do centro poliesportivo da ASSOCIA\u00c7\u00c3O PROJETO ESPORTE CRESCER \u2013 PROEC, deve custar em media um investimento em torno de R$ 20 milh\u00f5es, com \u00e1rea \u00fatil de 7.600 m\u00b2 deve contemplar: Biblioteca, piscina, sal\u00e3o de eventos, quadras, sala de aulas, quiosques, vesti\u00e1rios, \u00e1rea verde, e outros. Destacamos a import\u00e2ncia desse centro poliesportivo n\u00e3o apenas para ASSOCIA\u00c7\u00c3O PROJETO ESPORTE CRESCER \u2013 PROEC, mas para toda a cidade de Goi\u00e2nia. \u201cVai ser um complexo tur\u00edstico para toda a cidade; vai ser uma das obras mais bonita a ser constru\u00edda em Goi\u00e2nia, Vale ressaltar que ainda n\u00e3o h\u00e1 previs\u00e3o para o come\u00e7o da constru\u00e7\u00e3o dessa obra, pois temos que primeiro conseguir o terreno\/\u00e1rea.<br \/>\nQueremos contemplar as seguintes modalidades: Futsal, futebol de sal\u00e3o, futebol de campo, futebol society, basquetebol, t\u00eanis, nata\u00e7\u00e3o, Hidrogin\u00e1stica, Boxe, Jiu Jitsu, Jud\u00f4, Dan\u00e7a, karate, gin\u00e1stica, voleibol, basquetebol, capoeira, atletismos, nata\u00e7\u00e3o, t\u00eanis de mesa, musica entre outros. Salientamos, que toda a contribui\u00e7\u00e3o ser\u00e1 bem-vinda, e desde j\u00e1 agradecemos seu apoio, que \u00e9 fundamental para o sucesso deste projeto.<br \/>\nCom isso vem solicitar a todas as pessoas, seja f\u00edsica ou jur\u00eddica, doa\u00e7\u00f5es de qualquer esp\u00e9cie para que possamos concretizar o sonho da constru\u00e7\u00e3o de nossa cede, a qual ser\u00e1 grande valia para esta (entidade\/associa\u00e7\u00e3o) e para nosso estado de Goi\u00e1s.<br \/>\n<b><u>Contato<\/u><\/b><\/p>\n<ul>\n<li>Telefone (62) 3661-6481 \/ 4141-5115\/ 98430-5832,<\/li>\n<li><b>Site:\u00a0<\/b><a href=\"https:\/\/www.proec.org.br\/\"><b>www.proec.org.br<\/b><\/a><b><\/b><\/li>\n<li>E-mail:\u00a0<a href=\"mailto:ongprojetoesportecrescer@gmail.com\">ongprojetoesportecrescer@gmail.com<\/a><b><\/b><\/li>\n<\/ul>\n<p><b><u>Dados Banc\u00e1rio<\/u><\/b><\/p>\n<ul>\n<li>Banco Cooperativo de Cr\u00e9dito de Livre Admiss\u00e3o do Centro Goiano Ltda \u2013 SICOOB<\/li>\n<li>Banco: 7546<\/li>\n<li>Ag\u00eancia: 3285-9<\/li>\n<li>Conta Corrente: 53.425-0<\/li>\n<li>Raz\u00e3o Social: ASSOCIACAO PROJETO ESPORTE CRESCER PROEC<\/li>\n<\/ul>\n<p align=\"center\"><b>Presidente<\/b><br \/>\nPaulo Cesar da Costa<\/p>\n<p align=\"center\">Projeto<\/p>\n<p><iframe style=\"width: 100%; height: 450px;\" src=\"https:\/\/www.youtube.com\/embed\/v4iRL0Wq3ow\"><span data-mce-type=\"bookmark\" style=\"display: inline-block; width: 0px; overflow: hidden; line-height: 0;\" class=\"mce_SELRES_start\">\ufeff<\/span><\/iframe><\/p>\n","protected":false},"excerpt":{"rendered":"<p>Este \u00e9 o prot\u00f3tipo do projeto que estamos pleiteando Centro Poliesportivo &#8211; PROEC \u00a0O Centro Esportivo &#8211; Proec, que vai ser constru\u00eddo em Goi\u00e2nia- GO, \u00e9 uma entidade sem fins lucrativos, que h\u00e1 mais de 20 anos vem exercendo sua contribui\u00e7\u00e3o social no estado de Goi\u00e1s, atuando no meio esportivo, principalmente no futebol. Via de&hellip;<\/p>\n","protected":false},"author":1,"featured_media":0,"parent":0,"menu_order":0,"comment_status":"closed","ping_status":"closed","template":"","meta":{"footnotes":""},"class_list":["post-1922","page","type-page","status-publish","hentry"],"yoast_head":"<!-- This site is optimized with the Yoast SEO plugin v17.2.1 - https:\/\/yoast.com\/wordpress\/plugins\/seo\/ -->\n<title>PROJETO - ONG PROEC<\/title>\n<meta name=\"robots\" content=\"index, follow, max-snippet:-1, max-image-preview:large, max-video-preview:-1\" \/>\n<link rel=\"canonical\" href=\"https:\/\/www.proec.org.br\/index.php\/projeto-observa-gol\/\" \/>\n<meta property=\"og:locale\" content=\"pt_BR\" \/>\n<meta property=\"og:type\" content=\"article\" \/>\n<meta property=\"og:title\" content=\"PROJETO - ONG PROEC\" \/>\n<meta property=\"og:description\" content=\"Este \u00e9 o prot\u00f3tipo do projeto que estamos pleiteando Centro Poliesportivo &#8211; PROEC \u00a0O Centro Esportivo &#8211; Proec, que vai ser constru\u00eddo em Goi\u00e2nia- GO, \u00e9 uma entidade sem fins lucrativos, que h\u00e1 mais de 20 anos vem exercendo sua contribui\u00e7\u00e3o social no estado de Goi\u00e1s, atuando no meio esportivo, principalmente no futebol. Via de&hellip;\" \/>\n<meta property=\"og:url\" content=\"https:\/\/www.proec.org.br\/index.php\/projeto-observa-gol\/\" \/>\n<meta property=\"og:site_name\" content=\"ONG PROEC\" \/>\n<meta property=\"article:publisher\" content=\"https:\/\/pt-br.facebook.com\/observario\/\" \/>\n<meta property=\"article:modified_time\" content=\"2020-02-04T14:05:41+00:00\" \/>\n<meta property=\"og:image\" content=\"https:\/\/proec.org.br\/uploads\/Capturar.PNG\" \/>\n<meta name=\"twitter:card\" content=\"summary_large_image\" \/>\n<meta name=\"twitter:label1\" content=\"Est. tempo de leitura\" \/>\n\t<meta name=\"twitter:data1\" content=\"4 minutos\" \/>\n<script type=\"application\/ld+json\" class=\"yoast-schema-graph\">{\"@context\":\"https:\/\/schema.org\",\"@graph\":[{\"@type\":\"WebSite\",\"@id\":\"https:\/\/www.proec.org.br\/#website\",\"url\":\"https:\/\/www.proec.org.br\/\",\"name\":\"Observa Rio\",\"description\":\"Projeto Esporte Crescer, levando esporte a crian\\u00e7as carentes\",\"potentialAction\":[{\"@type\":\"SearchAction\",\"target\":{\"@type\":\"EntryPoint\",\"urlTemplate\":\"https:\/\/www.proec.org.br\/?s={search_term_string}\"},\"query-input\":\"required name=search_term_string\"}],\"inLanguage\":\"pt-BR\"},{\"@type\":\"ImageObject\",\"@id\":\"https:\/\/www.proec.org.br\/index.php\/projeto-observa-gol\/#primaryimage\",\"inLanguage\":\"pt-BR\",\"url\":\"https:\/\/proec.org.br\/uploads\/Capturar.PNG\",\"contentUrl\":\"https:\/\/proec.org.br\/uploads\/Capturar.PNG\"},{\"@type\":\"WebPage\",\"@id\":\"https:\/\/www.proec.org.br\/index.php\/projeto-observa-gol\/#webpage\",\"url\":\"https:\/\/www.proec.org.br\/index.php\/projeto-observa-gol\/\",\"name\":\"PROJETO - ONG PROEC\",\"isPartOf\":{\"@id\":\"https:\/\/www.proec.org.br\/#website\"},\"primaryImageOfPage\":{\"@id\":\"https:\/\/www.proec.org.br\/index.php\/projeto-observa-gol\/#primaryimage\"},\"datePublished\":\"2018-03-26T11:56:35+00:00\",\"dateModified\":\"2020-02-04T14:05:41+00:00\",\"breadcrumb\":{\"@id\":\"https:\/\/www.proec.org.br\/index.php\/projeto-observa-gol\/#breadcrumb\"},\"inLanguage\":\"pt-BR\",\"potentialAction\":[{\"@type\":\"ReadAction\",\"target\":[\"https:\/\/www.proec.org.br\/index.php\/projeto-observa-gol\/\"]}]},{\"@type\":\"BreadcrumbList\",\"@id\":\"https:\/\/www.proec.org.br\/index.php\/projeto-observa-gol\/#breadcrumb\",\"itemListElement\":[{\"@type\":\"ListItem\",\"position\":1,\"name\":\"In\\u00edcio\",\"item\":\"https:\/\/www.proec.org.br\/\"},{\"@type\":\"ListItem\",\"position\":2,\"name\":\"PROJETO\"}]}]}<\/script>\n<!-- \/ Yoast SEO plugin. -->","yoast_head_json":{"title":"PROJETO - ONG PROEC","robots":{"index":"index","follow":"follow","max-snippet":"max-snippet:-1","max-image-preview":"max-image-preview:large","max-video-preview":"max-video-preview:-1"},"canonical":"https:\/\/www.proec.org.br\/index.php\/projeto-observa-gol\/","og_locale":"pt_BR","og_type":"article","og_title":"PROJETO - ONG PROEC","og_description":"Este \u00e9 o prot\u00f3tipo do projeto que estamos pleiteando Centro Poliesportivo &#8211; PROEC \u00a0O Centro Esportivo &#8211; Proec, que vai ser constru\u00eddo em Goi\u00e2nia- GO, \u00e9 uma entidade sem fins lucrativos, que h\u00e1 mais de 20 anos vem exercendo sua contribui\u00e7\u00e3o social no estado de Goi\u00e1s, atuando no meio esportivo, principalmente no futebol. Via de&hellip;","og_url":"https:\/\/www.proec.org.br\/index.php\/projeto-observa-gol\/","og_site_name":"ONG PROEC","article_publisher":"https:\/\/pt-br.facebook.com\/observario\/","article_modified_time":"2020-02-04T14:05:41+00:00","og_image":[{"url":"https:\/\/proec.org.br\/uploads\/Capturar.PNG"}],"twitter_card":"summary_large_image","twitter_misc":{"Est. tempo de leitura":"4 minutos"},"schema":{"@context":"https:\/\/schema.org","@graph":[{"@type":"WebSite","@id":"https:\/\/www.proec.org.br\/#website","url":"https:\/\/www.proec.org.br\/","name":"Observa Rio","description":"Projeto Esporte Crescer, levando esporte a crian\u00e7as carentes","potentialAction":[{"@type":"SearchAction","target":{"@type":"EntryPoint","urlTemplate":"https:\/\/www.proec.org.br\/?s={search_term_string}"},"query-input":"required name=search_term_string"}],"inLanguage":"pt-BR"},{"@type":"ImageObject","@id":"https:\/\/www.proec.org.br\/index.php\/projeto-observa-gol\/#primaryimage","inLanguage":"pt-BR","url":"https:\/\/proec.org.br\/uploads\/Capturar.PNG","contentUrl":"https:\/\/proec.org.br\/uploads\/Capturar.PNG"},{"@type":"WebPage","@id":"https:\/\/www.proec.org.br\/index.php\/projeto-observa-gol\/#webpage","url":"https:\/\/www.proec.org.br\/index.php\/projeto-observa-gol\/","name":"PROJETO - ONG PROEC","isPartOf":{"@id":"https:\/\/www.proec.org.br\/#website"},"primaryImageOfPage":{"@id":"https:\/\/www.proec.org.br\/index.php\/projeto-observa-gol\/#primaryimage"},"datePublished":"2018-03-26T11:56:35+00:00","dateModified":"2020-02-04T14:05:41+00:00","breadcrumb":{"@id":"https:\/\/www.proec.org.br\/index.php\/projeto-observa-gol\/#breadcrumb"},"inLanguage":"pt-BR","potentialAction":[{"@type":"ReadAction","target":["https:\/\/www.proec.org.br\/index.php\/projeto-observa-gol\/"]}]},{"@type":"BreadcrumbList","@id":"https:\/\/www.proec.org.br\/index.php\/projeto-observa-gol\/#breadcrumb","itemListElement":[{"@type":"ListItem","position":1,"name":"In\u00edcio","item":"https:\/\/www.proec.org.br\/"},{"@type":"ListItem","position":2,"name":"PROJETO"}]}]}},"_links":{"self":[{"href":"https:\/\/www.proec.org.br\/index.php\/wp-json\/wp\/v2\/pages\/1922","targetHints":{"allow":["GET"]}}],"collection":[{"href":"https:\/\/www.proec.org.br\/index.php\/wp-json\/wp\/v2\/pages"}],"about":[{"href":"https:\/\/www.proec.org.br\/index.php\/wp-json\/wp\/v2\/types\/page"}],"author":[{"embeddable":true,"href":"https:\/\/www.proec.org.br\/index.php\/wp-json\/wp\/v2\/users\/1"}],"replies":[{"embeddable":true,"href":"https:\/\/www.proec.org.br\/index.php\/wp-json\/wp\/v2\/comments?post=1922"}],"version-history":[{"count":8,"href":"https:\/\/www.proec.org.br\/index.php\/wp-json\/wp\/v2\/pages\/1922\/revisions"}],"predecessor-version":[{"id":2571,"href":"https:\/\/www.proec.org.br\/index.php\/wp-json\/wp\/v2\/pages\/1922\/revisions\/2571"}],"wp:attachment":[{"href":"https:\/\/www.proec.org.br\/index.php\/wp-json\/wp\/v2\/media?parent=1922"}],"curies":[{"name":"wp","href":"https:\/\/api.w.org\/{rel}","templated":true}]}}